{"id":5,"date":"2023-01-22T19:38:02","date_gmt":"2023-01-22T18:38:02","guid":{"rendered":"https:\/\/argan-it.com\/?page_id=5"},"modified":"2023-01-30T14:07:20","modified_gmt":"2023-01-30T13:07:20","slug":"home","status":"publish","type":"page","link":"https:\/\/argan-it.com\/","title":{"rendered":"Acceuil"},"content":{"rendered":"\n<div class=\"wp-block-cover alignfull is-light\" style=\"min-height:500px\"><span aria-hidden=\"true\" class=\"wp-block-cover__background has-background-dim-0 has-background-dim\"><\/span><img decoding=\"async\" loading=\"lazy\" width=\"2560\" height=\"1695\" class=\"wp-block-cover__image-background wp-image-67\" alt=\"\" src=\"https:\/\/argan-it.com\/wp-content\/uploads\/2023\/01\/photo_entete_3-scaled.jpg\" style=\"object-position:50% 50%\" data-object-fit=\"cover\" data-object-position=\"50% 50%\" srcset=\"https:\/\/argan-it.com\/wp-content\/uploads\/2023\/01\/photo_entete_3-scaled.jpg 2560w, https:\/\/argan-it.com\/wp-content\/uploads\/2023\/01\/photo_entete_3-300x199.jpg 300w, https:\/\/argan-it.com\/wp-content\/uploads\/2023\/01\/photo_entete_3-1024x678.jpg 1024w, https:\/\/argan-it.com\/wp-content\/uploads\/2023\/01\/photo_entete_3-768x509.jpg 768w, https:\/\/argan-it.com\/wp-content\/uploads\/2023\/01\/photo_entete_3-1536x1017.jpg 1536w, https:\/\/argan-it.com\/wp-content\/uploads\/2023\/01\/photo_entete_3-2048x1356.jpg 2048w\" sizes=\"(max-width: 2560px) 100vw, 2560px\" \/><div class=\"wp-block-cover__inner-container\">\n<p><\/p>\n\n\n\n<p><\/p>\n\n\n\n<p><\/p>\n\n\n\n<p><\/p>\n\n\n\n<p><\/p>\n\n\n\n<h2 class=\"has-text-color\" style=\"color:#d9800a\"><em><strong>Notre&nbsp;devise: &#8220;L&#8217;exigence pousse \u00e0 l&#8217;excellence&#8221;<\/strong><\/em><\/h2>\n\n\n\n<p class=\"has-text-align-center has-text-color\" style=\"color:#10578b;font-size:19px\"><strong>Depuis 2018, Argan IT &#8211; &nbsp;Entreprise de Services du Num\u00e9rique, met la technologie au c\u0153ur de votre SI.<\/strong><\/p>\n\n\n\n<div class=\"is-content-justification-center is-layout-flex wp-container-1 wp-block-buttons\">\n<div class=\"wp-block-button is-style-primary\" id=\"a-propos\"><a class=\"wp-block-button__link has-nv-site-bg-color has-text-color has-background wp-element-button\" href=\"#contactez-nous\" style=\"background-color:#d9800a\">Contactez-Nous<\/a><\/div>\n<\/div>\n\n\n\n<p><\/p>\n<\/div><\/div>\n\n\n\n<div class=\"wp-block-cover alignfull\" style=\"min-height:400px\"><span aria-hidden=\"true\" class=\"wp-block-cover__background has-nv-light-bg-background-color has-background-dim-100 has-background-dim\"><\/span><div class=\"wp-block-cover__inner-container\">\n<div class=\"is-layout-flow wp-block-group\"><div class=\"wp-block-group__inner-container\">\n<div class=\"is-layout-flex wp-container-5 wp-block-columns are-vertically-aligned-center\">\n<div class=\"is-layout-flow wp-block-column is-vertically-aligned-center\" style=\"flex-basis:50%\">\n<figure class=\"wp-block-image size-large is-resized\"><img decoding=\"async\" loading=\"lazy\" src=\"https:\/\/argan-it.com\/wp-content\/uploads\/2023\/01\/a_propos-1024x678.jpg\" alt=\"\" class=\"wp-image-76\" width=\"467\" height=\"309\" srcset=\"https:\/\/argan-it.com\/wp-content\/uploads\/2023\/01\/a_propos-1024x678.jpg 1024w, https:\/\/argan-it.com\/wp-content\/uploads\/2023\/01\/a_propos-300x199.jpg 300w, https:\/\/argan-it.com\/wp-content\/uploads\/2023\/01\/a_propos-768x509.jpg 768w, https:\/\/argan-it.com\/wp-content\/uploads\/2023\/01\/a_propos-1536x1017.jpg 1536w, https:\/\/argan-it.com\/wp-content\/uploads\/2023\/01\/a_propos-2048x1356.jpg 2048w\" sizes=\"(max-width: 467px) 100vw, 467px\" \/><\/figure>\n<\/div>\n\n\n\n<div class=\"is-layout-flow wp-block-column is-vertically-aligned-center\" style=\"flex-basis:50%\">\n<h2 class=\"has-text-align-left has-text-color\" id=\"a-propos\" style=\"color:#10578b\">A propos<\/h2>\n\n\n\n<p class=\"has-text-align-left has-neve-text-color-color has-text-color\" style=\"font-size:17px\">Argan IT cr\u00e9e en 2018, est une structure facilitatrice de&nbsp;<strong>mise en relation<\/strong>&nbsp;entre les consultants ind\u00e9pendants et ses clients.<br>Nous intervenons \u00e9galement en conseil sur des prestations \u00e0 fortes valeurs ajout\u00e9es en Digital, Applications d\u2019entreprise et en Quality Assurance.<\/p>\n\n\n\n<div class=\"is-content-justification-left is-layout-flex wp-container-3 wp-block-buttons\">\n<div class=\"wp-block-button is-style-primary\" id=\"pourquoi-nous\"><a class=\"wp-block-button__link has-nv-site-bg-color has-text-color has-background wp-element-button\" href=\"#contactez-nous\" style=\"background-color:#d9800a\">Contactez-Nous<\/a><\/div>\n<\/div>\n<\/div>\n<\/div>\n<\/div><\/div>\n<\/div><\/div>\n\n\n\n<p><\/p>\n\n\n\n<h2 class=\"has-text-align-center has-text-color\" id=\"pourquoi-nous\" style=\"color:#10578b\">Pourquoi Nous ?<\/h2>\n\n\n\n<div class=\"is-layout-flex wp-container-10 wp-block-columns\">\n<div class=\"is-layout-flow wp-block-column\"><div class=\"wp-block-image icon-style is-style-default\">\n<figure class=\"aligncenter is-resized\"><img decoding=\"async\" loading=\"lazy\" src=\"https:\/\/argan-it.com\/wp-content\/themes\/neve\/assets\/img\/starter-content\/icon-03.svg\" alt=\"\" width=\"48\" height=\"48\"\/><\/figure><\/div>\n\n\n<h3 class=\"has-text-align-center has-neve-text-color-color has-text-color\">Cahier sur mesure<\/h3>\n\n\n\n<p class=\"has-text-align-center\">Nous analysons votre besoin afin d&#8217;\u00e9laborer un cahier de test adapt\u00e9.<\/p>\n<\/div>\n\n\n\n<div class=\"is-layout-flow wp-block-column\"><div class=\"wp-block-image icon-style is-style-default\">\n<figure class=\"aligncenter is-resized\"><img decoding=\"async\" loading=\"lazy\" src=\"https:\/\/argan-it.com\/wp-content\/themes\/neve\/assets\/img\/starter-content\/icon-02.svg\" alt=\"\" width=\"48\" height=\"48\"\/><\/figure><\/div>\n\n\n<h3 class=\"has-text-align-center has-neve-text-color-color has-text-color\">Innovation<\/h3>\n\n\n\n<p class=\"has-text-align-center\" id=\"nos-valeurs\">Nous mettons en places des outils pour automatiser vos tests.<\/p>\n<\/div>\n\n\n\n<div class=\"is-layout-flow wp-block-column\"><div class=\"wp-block-image icon-style is-style-rounded\">\n<figure class=\"aligncenter is-resized\"><img decoding=\"async\" loading=\"lazy\" src=\"https:\/\/argan-it.com\/wp-content\/themes\/neve\/assets\/img\/starter-content\/icon-01.svg\" alt=\"\" width=\"48\" height=\"48\"\/><\/figure><\/div>\n\n\n<h3 class=\"has-text-align-center has-neve-text-color-color has-text-color\">Reporting<\/h3>\n\n\n\n<p class=\"has-text-align-center\">Nous g\u00e9rons les retours et les bugs.<\/p>\n<\/div>\n<\/div>\n\n\n\n<div class=\"wp-block-cover alignfull\" style=\"min-height:411px\"><span aria-hidden=\"true\" class=\"wp-block-cover__background has-nv-dark-bg-background-color has-background-dim-100 has-background-dim\"><\/span><div class=\"wp-block-cover__inner-container\">\n<div class=\"is-layout-flow wp-block-group\"><div class=\"wp-block-group__inner-container\">\n<div class=\"is-layout-flex wp-container-13 wp-block-columns are-vertically-aligned-center\">\n<div class=\"is-layout-flow wp-block-column is-vertically-aligned-center\" style=\"flex-basis:50%\">\n<figure class=\"wp-block-image size-large is-resized\"><img decoding=\"async\" loading=\"lazy\" src=\"https:\/\/argan-it.com\/wp-content\/uploads\/2023\/01\/nos_valeurs-1024x683.jpg\" alt=\"\" class=\"wp-image-89\" width=\"490\" height=\"326\" srcset=\"https:\/\/argan-it.com\/wp-content\/uploads\/2023\/01\/nos_valeurs-1024x683.jpg 1024w, https:\/\/argan-it.com\/wp-content\/uploads\/2023\/01\/nos_valeurs-300x200.jpg 300w, https:\/\/argan-it.com\/wp-content\/uploads\/2023\/01\/nos_valeurs-768x512.jpg 768w, https:\/\/argan-it.com\/wp-content\/uploads\/2023\/01\/nos_valeurs-1536x1024.jpg 1536w, https:\/\/argan-it.com\/wp-content\/uploads\/2023\/01\/nos_valeurs-2048x1365.jpg 2048w, https:\/\/argan-it.com\/wp-content\/uploads\/2023\/01\/nos_valeurs-930x620.jpg 930w\" sizes=\"(max-width: 490px) 100vw, 490px\" \/><\/figure>\n<\/div>\n\n\n\n<div class=\"is-layout-flow wp-block-column is-vertically-aligned-center\" style=\"flex-basis:50%\">\n<h2 class=\"has-text-align-left has-nv-text-dark-bg-color has-text-color\" id=\"nos-valeurs\">Nos valeurs<\/h2>\n\n\n\n<p class=\"has-text-align-left has-nv-site-bg-color has-text-color\" style=\"font-size:17px\">&#8211; Transparence<br>&#8211; Flexibilit\u00e9<br>&#8211; Accompagnement<\/p>\n\n\n\n<p id=\"nos-opportunites\"><\/p>\n<\/div>\n<\/div>\n<\/div><\/div>\n<\/div><\/div>\n\n\n\n<div class=\"wp-block-cover alignfull\" style=\"min-height:503px\" id=\"nos-opportunites\"><span aria-hidden=\"true\" class=\"wp-block-cover__background has-nv-light-bg-background-color has-background-dim-100 has-background-dim\"><\/span><div class=\"wp-block-cover__inner-container\">\n<h2 class=\"has-text-align-center has-text-color\" style=\"color:#10578b\">Nos opportunit\u00e9s<\/h2>\n\n\n\n<div class=\"is-layout-flex wp-container-18 wp-block-columns\">\n<div class=\"is-layout-flow wp-block-column\">\n<p class=\"has-text-align-left has-neve-text-color-color has-text-color has-normal-font-size\"><strong><em>Ing\u00e9nieur Testing<br>Les tests de performance vous int\u00e9ressent ? vous chercher une entreprise \u00e0 taille&nbsp;humaine ?&nbsp;&nbsp;une entreprise avec des valeurs humaines :&nbsp;&nbsp;formation, accompagnement, flexibilit\u00e9.<\/em><\/strong><\/p>\n\n\n\n<div style=\"height:20px\" aria-hidden=\"true\" class=\"wp-block-spacer\"><\/div>\n<\/div>\n\n\n\n<div class=\"is-layout-flow wp-block-column\">\n<p class=\"has-text-align-left has-neve-text-color-color has-text-color has-normal-font-size\"><strong><em>un&nbsp;d\u00e9veloppeur&nbsp;\/ une d\u00e9veloppeuse&nbsp;Full Stack&nbsp;Front&nbsp;en&nbsp;alternance&nbsp;(12 ou 24 mois) pour travailler sur des projets autour des technologies :&nbsp;ReactJS,&nbsp;API avec java, Spring Boot et&nbsp;SQL<\/em><\/strong><\/p>\n\n\n\n<p class=\"has-neve-text-color-color has-text-color\"><\/p>\n<\/div>\n\n\n\n<div class=\"is-layout-flow wp-block-column\">\n<p class=\"has-text-align-left has-neve-text-color-color has-text-color has-normal-font-size\"><strong><em>Un(e) Business&nbsp;Analyst(e)&nbsp;?<br>Connaissances indispensables :<br>&#8211; Capacit\u00e9 d&#8217;animer et piloter des sujets de BUILD.<br>&#8211; Construction et animation d&#8217;un plan d&#8217;actions<br>Connaissances appr\u00e9ci\u00e9es :<br>&#8211; Exp\u00e9rience significative dans un contexte agile.<\/em><\/strong><br><\/p>\n\n\n\n<p class=\"has-neve-text-color-color has-text-color\"><\/p>\n<\/div>\n<\/div>\n<\/div><\/div>\n\n\n\n<div class=\"wp-block-cover alignfull\" style=\"min-height:588px\"><span aria-hidden=\"true\" class=\"wp-block-cover__background has-background-dim-100 has-background-dim\" style=\"background-color:#10578b\"><\/span><div class=\"wp-block-cover__inner-container\">\n<div class=\"is-layout-flow wp-block-group\"><div class=\"wp-block-group__inner-container\">\n<div class=\"is-layout-flex wp-container-21 wp-block-columns are-vertically-aligned-center\">\n<div class=\"is-layout-flow wp-block-column is-vertically-aligned-center\" style=\"flex-basis:50%\">\n<h2 class=\"has-large-font-size\" id=\"contactez-nous\">CONTACTEZ-NOUS<\/h2>\n\n\n\n<p class=\"has-medium-font-size\">Pour toutes demandes d\u2019informations, vous pouvez nous contacter aux coordonn\u00e9es ci-dessous ou remplir directement le formulaire de contact ci-apr\u00e8s :<\/p>\n\n\n\n<p class=\"has-medium-font-size\">T\u00e9l\u00e9phone : 06 XX XX XX XX<br>Email : <strong><em>contact@argan-it.com<\/em><\/strong><\/p>\n<\/div>\n\n\n\n<div class=\"is-layout-flow wp-block-column is-vertically-aligned-center\" style=\"flex-basis:50%\"><div class=\"wpforms-container wpforms-container-full\" id=\"wpforms-51\"><form id=\"wpforms-form-51\" class=\"wpforms-validate wpforms-form wpforms-ajax-form\" data-formid=\"51\" method=\"post\" enctype=\"multipart\/form-data\" action=\"\/index.php?rest_route=%2Fwp%2Fv2%2Fpages%2F5\" data-token=\"d3cf45b478321e2b406391551b1ddf74\"><noscript class=\"wpforms-error-noscript\">Please enable JavaScript in your browser to complete this form.<\/noscript><div class=\"wpforms-field-container\"><div id=\"wpforms-51-field_0-container\" class=\"wpforms-field wpforms-field-name\" data-field-id=\"0\"><label class=\"wpforms-field-label\" for=\"wpforms-51-field_0\">Nom <span class=\"wpforms-required-label\">*<\/span><\/label><input type=\"text\" id=\"wpforms-51-field_0\" class=\"wpforms-field-medium wpforms-field-required\" name=\"wpforms[fields][0]\" required><\/div><div id=\"wpforms-51-field_3-container\" class=\"wpforms-field wpforms-field-name\" data-field-id=\"3\"><label class=\"wpforms-field-label\" for=\"wpforms-51-field_3\">Pr\u00e9nom <span class=\"wpforms-required-label\">*<\/span><\/label><input type=\"text\" id=\"wpforms-51-field_3\" class=\"wpforms-field-medium wpforms-field-required\" name=\"wpforms[fields][3]\" required><\/div><div id=\"wpforms-51-field_1-container\" class=\"wpforms-field wpforms-field-email\" data-field-id=\"1\"><label class=\"wpforms-field-label\" for=\"wpforms-51-field_1\">Email <span class=\"wpforms-required-label\">*<\/span><\/label><input type=\"email\" id=\"wpforms-51-field_1\" class=\"wpforms-field-medium wpforms-field-required\" name=\"wpforms[fields][1]\" required><\/div><div id=\"wpforms-51-field_2-container\" class=\"wpforms-field wpforms-field-textarea\" data-field-id=\"2\"><label class=\"wpforms-field-label\" for=\"wpforms-51-field_2\">Message<\/label><textarea id=\"wpforms-51-field_2\" class=\"wpforms-field-medium\" name=\"wpforms[fields][2]\" ><\/textarea><\/div><\/div><div class=\"wpforms-submit-container\"><input type=\"hidden\" name=\"wpforms[id]\" value=\"51\"><input type=\"hidden\" name=\"wpforms[author]\" value=\"1\"><button type=\"submit\" name=\"wpforms[submit]\" id=\"wpforms-submit-51\" class=\"wpforms-submit\" data-alt-text=\"Sending...\" data-submit-text=\"Envoyer\" aria-live=\"assertive\" value=\"wpforms-submit\">Envoyer<\/button><img src=\"https:\/\/argan-it.com\/wp-content\/plugins\/wpforms-lite\/assets\/images\/submit-spin.svg\" class=\"wpforms-submit-spinner\" style=\"display: none;\" width=\"26\" height=\"26\" alt=\"Loading\"><\/div><\/form><\/div>  <!-- .wpforms-container --><\/div>\n<\/div>\n<\/div><\/div>\n<\/div><\/div>\n","protected":false},"excerpt":{"rendered":"<p>Pourquoi Nous ? Cahier sur mesure Nous analysons votre besoin afin d&#8217;\u00e9laborer un cahier de test adapt\u00e9. Innovation Nous mettons en places des outils pour automatiser vos tests. Reporting Nous g\u00e9rons les retours et les bugs.<\/p>\n","protected":false},"author":1,"featured_media":0,"parent":0,"menu_order":0,"comment_status":"closed","ping_status":"closed","template":"","meta":{"neve_meta_sidebar":"","neve_meta_container":"","neve_meta_enable_content_width":"on","neve_meta_content_width":100,"neve_meta_title_alignment":"","neve_meta_author_avatar":"","neve_post_elements_order":"","neve_meta_disable_header":"","neve_meta_disable_footer":"","neve_meta_disable_title":"on"},"_links":{"self":[{"href":"https:\/\/argan-it.com\/index.php?rest_route=\/wp\/v2\/pages\/5"}],"collection":[{"href":"https:\/\/argan-it.com\/index.php?rest_route=\/wp\/v2\/pages"}],"about":[{"href":"https:\/\/argan-it.com\/index.php?rest_route=\/wp\/v2\/types\/page"}],"author":[{"embeddable":true,"href":"https:\/\/argan-it.com\/index.php?rest_route=\/wp\/v2\/users\/1"}],"replies":[{"embeddable":true,"href":"https:\/\/argan-it.com\/index.php?rest_route=%2Fwp%2Fv2%2Fcomments&post=5"}],"version-history":[{"count":41,"href":"https:\/\/argan-it.com\/index.php?rest_route=\/wp\/v2\/pages\/5\/revisions"}],"predecessor-version":[{"id":115,"href":"https:\/\/argan-it.com\/index.php?rest_route=\/wp\/v2\/pages\/5\/revisions\/115"}],"wp:attachment":[{"href":"https:\/\/argan-it.com\/index.php?rest_route=%2Fwp%2Fv2%2Fmedia&parent=5"}],"curies":[{"name":"wp","href":"https:\/\/api.w.org\/{rel}","templated":true}]}}